{"id":20902,"date":"2023-01-20T21:03:45","date_gmt":"2023-01-20T20:03:45","guid":{"rendered":"https:\/\/delavidaenrosa.nl\/?page_id=20902"},"modified":"2025-12-20T14:43:34","modified_gmt":"2025-12-20T13:43:34","slug":"de-toller","status":"publish","type":"page","link":"https:\/\/delavidaenrosa.nl\/?page_id=20902","title":{"rendered":"De Toller"},"content":{"rendered":"\t\t<div data-elementor-type=\"wp-page\" data-elementor-id=\"20902\" class=\"elementor elementor-20902\">\n\t\t\t\t\t\t<section class=\"elementor-section elementor-top-section elementor-element elementor-element-0ef740c elementor-section-boxed elementor-section-height-default elementor-section-height-default sc_fly_static\" data-id=\"0ef740c\" data-element_type=\"section\">\n\t\t\t\t\t\t<div class=\"elementor-container elementor-column-gap-extended\">\n\t\t\t\t\t<div class=\"elementor-column elementor-col-100 elementor-top-column elementor-element elementor-element-409c84b sc_content_align_inherit sc_layouts_column_icons_position_left sc_fly_static\" data-id=\"409c84b\" data-element_type=\"column\">\n\t\t\t<div class=\"elementor-widget-wrap\">\n\t\t\t\t\t\t\t<\/div>\n\t\t<\/div>\n\t\t\t\t\t<\/div>\n\t\t<\/section>\n\t\t\t\t<section class=\"elementor-section elementor-top-section elementor-element elementor-element-23882bc elementor-section-boxed elementor-section-height-default elementor-section-height-default sc_fly_static\" data-id=\"23882bc\" data-element_type=\"section\">\n\t\t\t\t\t\t<div class=\"elementor-container elementor-column-gap-extended\">\n\t\t\t\t\t<div class=\"elementor-column elementor-col-100 elementor-top-column elementor-element elementor-element-86b54c2 sc_content_align_inherit sc_layouts_column_icons_position_left sc_fly_static\" data-id=\"86b54c2\" data-element_type=\"column\">\n\t\t\t<div class=\"elementor-widget-wrap elementor-element-populated\">\n\t\t\t\t\t\t<div data-animation-type=\"block\" class=\"elementor-element elementor-element-e5858d1 animation_type_block sc_fly_static elementor-invisible elementor-widget elementor-widget-image\" data-id=\"e5858d1\" data-element_type=\"widget\" data-settings=\"{&quot;_animation&quot;:&quot;petclub-fadeindown&quot;}\" data-widget_type=\"image.default\">\n\t\t\t\t<div class=\"elementor-widget-container\">\n\t\t\t\t\t\t\t\t\t\t\t\t\t\t\t<img fetchpriority=\"high\" decoding=\"async\" width=\"768\" height=\"512\" src=\"https:\/\/delavidaenrosa.nl\/wp-content\/uploads\/2022\/12\/FF_04588WEB-768x512.jpg\" class=\"attachment-medium_large size-medium_large wp-image-19994\" alt=\"\" srcset=\"https:\/\/delavidaenrosa.nl\/wp-content\/uploads\/2022\/12\/FF_04588WEB-768x512.jpg 768w, https:\/\/delavidaenrosa.nl\/wp-content\/uploads\/2022\/12\/FF_04588WEB-300x200.jpg 300w, https:\/\/delavidaenrosa.nl\/wp-content\/uploads\/2022\/12\/FF_04588WEB-1024x683.jpg 1024w, https:\/\/delavidaenrosa.nl\/wp-content\/uploads\/2022\/12\/FF_04588WEB-1536x1025.jpg 1536w, https:\/\/delavidaenrosa.nl\/wp-content\/uploads\/2022\/12\/FF_04588WEB-2048x1366.jpg 2048w, https:\/\/delavidaenrosa.nl\/wp-content\/uploads\/2022\/12\/FF_04588WEB-370x247.jpg 370w, https:\/\/delavidaenrosa.nl\/wp-content\/uploads\/2022\/12\/FF_04588WEB-840x560.jpg 840w, https:\/\/delavidaenrosa.nl\/wp-content\/uploads\/2022\/12\/FF_04588WEB-410x274.jpg 410w\" sizes=\"(max-width: 768px) 100vw, 768px\" \/>\t\t\t\t\t\t\t\t\t\t\t\t\t\t\t<\/div>\n\t\t\t\t<\/div>\n\t\t\t\t<div class=\"elementor-element elementor-element-486b172 sc_fly_static elementor-widget elementor-widget-spacer\" data-id=\"486b172\" data-element_type=\"widget\" data-widget_type=\"spacer.default\">\n\t\t\t\t<div class=\"elementor-widget-container\">\n\t\t\t\t\t\t\t<div class=\"elementor-spacer\">\n\t\t\t<div class=\"elementor-spacer-inner\"><\/div>\n\t\t<\/div>\n\t\t\t\t\t\t<\/div>\n\t\t\t\t<\/div>\n\t\t\t\t<div class=\"elementor-element elementor-element-9f7fc4d sc_fly_static elementor-widget elementor-widget-text-editor\" data-id=\"9f7fc4d\" data-element_type=\"widget\" data-widget_type=\"text-editor.default\">\n\t\t\t\t<div class=\"elementor-widget-container\">\n\t\t\t\t\t\t\t\t\t<p>De Nova Scotia Duck Tolling Retriever, ook wel bekend als de Toller, is een uniek hondenras dat oorspronkelijk afkomstig is uit de Canadese provincie Nova Scotia. De Toller is oorspronkelijk gefokt om eenden v\u00f3\u00f3r het schot te lokken en die n\u00e1 het schot te apporteren.<\/p><p>De Nova Scotia Duck Tolling Retriever is van de 6 Retriever rassen de kleinste maar misschien wel de meest fanatieke. De Toller is overigens de enige retriever die van oorsprong v\u00f3\u00f3r en n\u00e1 het schot werkt.<\/p><p>Oorspronkelijk werd het ras \u201cLittle River Duck Dog\u201d of \u201cYarmouth Toller\u201d genoemd, maar toen de Canadese Kennel Club het ras in de eind vijftiger jaren ging registreren veranderde deze naam in de huidige \u201cNova Scotia Duck Tolling Retriever\u201d. Vanwege de lange naam van het ras wordt de afkorting \u201cToller\u201d vaak gebruikt. Volledige internationale erkenning van de FCI kreeg het ras in 1982. De Amerikaanse kennel club erkende het ras in 2002 Er is inmiddels een respectabel aantal Nova Scotia Duck Tolling Retrievers in Canada, Amerika en Europa.<\/p><p>De Toller is een, redelijk zelfstandige, middelgrote, krachtige, compacte, goed gespierde uitgebalanceerde hond die een hoge graad van intelligentie, alertheid en wil om te werken bezit.<\/p><p>Het lokken (tollen) gebeurt door langs de waterkant te spelen en regelmatig uit het zicht te verdwijnen om op die manier de eenden nieuwsgierig te maken. Dat hele spel wordt &#8220;Tolling&#8221; genoemd, naar het Engelse &#8220;Tollen&#8221; wat zoiets betekent als lokken of dichterbij brengen.<\/p><p>Het zijn intelligente, actieve honden die zowel lichamelijk als mentaal bezig gehouden moeten worden. Dat kunt u op verschillende manieren doen, er is een grote variatie aan hondensporten die geschikt zijn voor de Toller.<\/p><p>Een Toller is dus een slimme, leergierige hond waarmee gewerkt\/getraint moet worden, of dit nu in de jacht of een andere hondensport is, werken met en voor de baas vinden ze geweldig.<\/p><p>De Toller is geen hond voor 3-maal daags een blokje rond het huis. Het is en blijft een jachthond\/werkhond met veel passie en die eigenschappen moeten behouden blijven!<\/p><p>Daarnaast is de Toller een gevoelige hond die met zachte maar consequente hand, humor en veel geduld opgevoed moet worden. Een Toller zal niet klakkeloos doen wat zijn baas van hem vraagt, maar zelf nagaan of er niet een eenvoudigere manier is om het door de baas gewenste resultaat te bereiken. Daar moet u als eigenaar\/handler tegen kunnen, een gezonde dosis humor en relativeringsvermogen is belangrijk voor een Tollereigenaar.<\/p><p class=\"MsoNormal\">Overweeg je om een Toller in huis te nemen? Bekijk dan ook eens de <a href=\"https:\/\/delavidaenrosa.nl\/?page_id=20044\">Rasstandaard<\/a> en de <a href=\"https:\/\/delavidaenrosa.nl\/?page_id=20303\">redenen om g\u00e9\u00e9n Toller<\/a> in huis te nemen, om er zeker van te zijn dat dit het juiste ras voor je is.\u00a0<\/p>\t\t\t\t\t\t\t\t<\/div>\n\t\t\t\t<\/div>\n\t\t\t\t<div class=\"elementor-element elementor-element-099d5fc sc_height_medium sc_fly_static elementor-widget elementor-widget-spacer\" data-id=\"099d5fc\" data-element_type=\"widget\" data-widget_type=\"spacer.default\">\n\t\t\t\t<div class=\"elementor-widget-container\">\n\t\t\t\t\t\t\t<div class=\"elementor-spacer\">\n\t\t\t<div class=\"elementor-spacer-inner\"><\/div>\n\t\t<\/div>\n\t\t\t\t\t\t<\/div>\n\t\t\t\t<\/div>\n\t\t\t\t\t<\/div>\n\t\t<\/div>\n\t\t\t\t\t<\/div>\n\t\t<\/section>\n\t\t\t\t<\/div>\n\t\t","protected":false},"excerpt":{"rendered":"<p>De Nova Scotia Duck Tolling Retriever, ook wel bekend als de Toller, is een uniek hondenras dat oorspronkelijk afkomstig is uit de Canadese provincie Nova Scotia. De Toller is oorspronkelijk&hellip;<\/p>\n","protected":false},"author":3,"featured_media":0,"parent":0,"menu_order":0,"comment_status":"closed","ping_status":"closed","template":"","meta":{"footnotes":""},"class_list":["post-20902","page","type-page","status-publish","hentry"],"yoast_head":"<!-- This site is optimized with the Yoast SEO plugin v26.6 - https:\/\/yoast.com\/wordpress\/plugins\/seo\/ -->\n<title>De Toller - DE LA VIDA EN ROSA<\/title>\n<meta name=\"robots\" content=\"index, follow, max-snippet:-1, max-image-preview:large, max-video-preview:-1\" \/>\n<link rel=\"canonical\" href=\"https:\/\/delavidaenrosa.nl\/?page_id=20902\" \/>\n<meta property=\"og:locale\" content=\"nl_NL\" \/>\n<meta property=\"og:type\" content=\"article\" \/>\n<meta property=\"og:title\" content=\"De Toller - DE LA VIDA EN ROSA\" \/>\n<meta property=\"og:description\" content=\"De Nova Scotia Duck Tolling Retriever, ook wel bekend als de Toller, is een uniek hondenras dat oorspronkelijk afkomstig is uit de Canadese provincie Nova Scotia. De Toller is oorspronkelijk&hellip;\" \/>\n<meta property=\"og:url\" content=\"https:\/\/delavidaenrosa.nl\/?page_id=20902\" \/>\n<meta property=\"og:site_name\" content=\"DE LA VIDA EN ROSA\" \/>\n<meta property=\"article:modified_time\" content=\"2025-12-20T13:43:34+00:00\" \/>\n<meta property=\"og:image\" content=\"https:\/\/delavidaenrosa.nl\/wp-content\/uploads\/2022\/12\/FF_04588WEB.jpg\" \/>\n\t<meta property=\"og:image:width\" content=\"2400\" \/>\n\t<meta property=\"og:image:height\" content=\"1601\" \/>\n\t<meta property=\"og:image:type\" content=\"image\/jpeg\" \/>\n<meta name=\"twitter:card\" content=\"summary_large_image\" \/>\n<meta name=\"twitter:label1\" content=\"Geschatte leestijd\" \/>\n\t<meta name=\"twitter:data1\" content=\"3 minuten\" \/>\n<script type=\"application\/ld+json\" class=\"yoast-schema-graph\">{\"@context\":\"https:\/\/schema.org\",\"@graph\":[{\"@type\":\"WebPage\",\"@id\":\"https:\/\/delavidaenrosa.nl\/?page_id=20902\",\"url\":\"https:\/\/delavidaenrosa.nl\/?page_id=20902\",\"name\":\"De Toller - DE LA VIDA EN ROSA\",\"isPartOf\":{\"@id\":\"https:\/\/delavidaenrosa.nl\/#website\"},\"primaryImageOfPage\":{\"@id\":\"https:\/\/delavidaenrosa.nl\/?page_id=20902#primaryimage\"},\"image\":{\"@id\":\"https:\/\/delavidaenrosa.nl\/?page_id=20902#primaryimage\"},\"thumbnailUrl\":\"https:\/\/delavidaenrosa.nl\/wp-content\/uploads\/2022\/12\/FF_04588WEB-768x512.jpg\",\"datePublished\":\"2023-01-20T20:03:45+00:00\",\"dateModified\":\"2025-12-20T13:43:34+00:00\",\"breadcrumb\":{\"@id\":\"https:\/\/delavidaenrosa.nl\/?page_id=20902#breadcrumb\"},\"inLanguage\":\"nl-NL\",\"potentialAction\":[{\"@type\":\"ReadAction\",\"target\":[\"https:\/\/delavidaenrosa.nl\/?page_id=20902\"]}]},{\"@type\":\"ImageObject\",\"inLanguage\":\"nl-NL\",\"@id\":\"https:\/\/delavidaenrosa.nl\/?page_id=20902#primaryimage\",\"url\":\"https:\/\/delavidaenrosa.nl\/wp-content\/uploads\/2022\/12\/FF_04588WEB.jpg\",\"contentUrl\":\"https:\/\/delavidaenrosa.nl\/wp-content\/uploads\/2022\/12\/FF_04588WEB.jpg\",\"width\":2400,\"height\":1601},{\"@type\":\"BreadcrumbList\",\"@id\":\"https:\/\/delavidaenrosa.nl\/?page_id=20902#breadcrumb\",\"itemListElement\":[{\"@type\":\"ListItem\",\"position\":1,\"name\":\"Home\",\"item\":\"https:\/\/delavidaenrosa.nl\/\"},{\"@type\":\"ListItem\",\"position\":2,\"name\":\"De Toller\"}]},{\"@type\":\"WebSite\",\"@id\":\"https:\/\/delavidaenrosa.nl\/#website\",\"url\":\"https:\/\/delavidaenrosa.nl\/\",\"name\":\"DE LA VIDA EN ROSA\",\"description\":\"DE LA VIDA EN ROSA - TOLLERS\",\"publisher\":{\"@id\":\"https:\/\/delavidaenrosa.nl\/#organization\"},\"potentialAction\":[{\"@type\":\"SearchAction\",\"target\":{\"@type\":\"EntryPoint\",\"urlTemplate\":\"https:\/\/delavidaenrosa.nl\/?s={search_term_string}\"},\"query-input\":{\"@type\":\"PropertyValueSpecification\",\"valueRequired\":true,\"valueName\":\"search_term_string\"}}],\"inLanguage\":\"nl-NL\"},{\"@type\":\"Organization\",\"@id\":\"https:\/\/delavidaenrosa.nl\/#organization\",\"name\":\"DE LA VIDA EN ROSA\",\"url\":\"https:\/\/delavidaenrosa.nl\/\",\"logo\":{\"@type\":\"ImageObject\",\"inLanguage\":\"nl-NL\",\"@id\":\"https:\/\/delavidaenrosa.nl\/#\/schema\/logo\/image\/\",\"url\":\"https:\/\/delavidaenrosa.nl\/wp-content\/uploads\/2023\/01\/Logo_Zwart-op-trans-2500x1250-1.png\",\"contentUrl\":\"https:\/\/delavidaenrosa.nl\/wp-content\/uploads\/2023\/01\/Logo_Zwart-op-trans-2500x1250-1.png\",\"width\":2500,\"height\":1250,\"caption\":\"DE LA VIDA EN ROSA\"},\"image\":{\"@id\":\"https:\/\/delavidaenrosa.nl\/#\/schema\/logo\/image\/\"},\"sameAs\":[\"https:\/\/www.instagram.com\/delavidaenrosa\/\"]}]}<\/script>\n<!-- \/ Yoast SEO plugin. -->","yoast_head_json":{"title":"De Toller - DE LA VIDA EN ROSA","robots":{"index":"index","follow":"follow","max-snippet":"max-snippet:-1","max-image-preview":"max-image-preview:large","max-video-preview":"max-video-preview:-1"},"canonical":"https:\/\/delavidaenrosa.nl\/?page_id=20902","og_locale":"nl_NL","og_type":"article","og_title":"De Toller - DE LA VIDA EN ROSA","og_description":"De Nova Scotia Duck Tolling Retriever, ook wel bekend als de Toller, is een uniek hondenras dat oorspronkelijk afkomstig is uit de Canadese provincie Nova Scotia. De Toller is oorspronkelijk&hellip;","og_url":"https:\/\/delavidaenrosa.nl\/?page_id=20902","og_site_name":"DE LA VIDA EN ROSA","article_modified_time":"2025-12-20T13:43:34+00:00","og_image":[{"width":2400,"height":1601,"url":"https:\/\/delavidaenrosa.nl\/wp-content\/uploads\/2022\/12\/FF_04588WEB.jpg","type":"image\/jpeg"}],"twitter_card":"summary_large_image","twitter_misc":{"Geschatte leestijd":"3 minuten"},"schema":{"@context":"https:\/\/schema.org","@graph":[{"@type":"WebPage","@id":"https:\/\/delavidaenrosa.nl\/?page_id=20902","url":"https:\/\/delavidaenrosa.nl\/?page_id=20902","name":"De Toller - DE LA VIDA EN ROSA","isPartOf":{"@id":"https:\/\/delavidaenrosa.nl\/#website"},"primaryImageOfPage":{"@id":"https:\/\/delavidaenrosa.nl\/?page_id=20902#primaryimage"},"image":{"@id":"https:\/\/delavidaenrosa.nl\/?page_id=20902#primaryimage"},"thumbnailUrl":"https:\/\/delavidaenrosa.nl\/wp-content\/uploads\/2022\/12\/FF_04588WEB-768x512.jpg","datePublished":"2023-01-20T20:03:45+00:00","dateModified":"2025-12-20T13:43:34+00:00","breadcrumb":{"@id":"https:\/\/delavidaenrosa.nl\/?page_id=20902#breadcrumb"},"inLanguage":"nl-NL","potentialAction":[{"@type":"ReadAction","target":["https:\/\/delavidaenrosa.nl\/?page_id=20902"]}]},{"@type":"ImageObject","inLanguage":"nl-NL","@id":"https:\/\/delavidaenrosa.nl\/?page_id=20902#primaryimage","url":"https:\/\/delavidaenrosa.nl\/wp-content\/uploads\/2022\/12\/FF_04588WEB.jpg","contentUrl":"https:\/\/delavidaenrosa.nl\/wp-content\/uploads\/2022\/12\/FF_04588WEB.jpg","width":2400,"height":1601},{"@type":"BreadcrumbList","@id":"https:\/\/delavidaenrosa.nl\/?page_id=20902#breadcrumb","itemListElement":[{"@type":"ListItem","position":1,"name":"Home","item":"https:\/\/delavidaenrosa.nl\/"},{"@type":"ListItem","position":2,"name":"De Toller"}]},{"@type":"WebSite","@id":"https:\/\/delavidaenrosa.nl\/#website","url":"https:\/\/delavidaenrosa.nl\/","name":"DE LA VIDA EN ROSA","description":"DE LA VIDA EN ROSA - TOLLERS","publisher":{"@id":"https:\/\/delavidaenrosa.nl\/#organization"},"potentialAction":[{"@type":"SearchAction","target":{"@type":"EntryPoint","urlTemplate":"https:\/\/delavidaenrosa.nl\/?s={search_term_string}"},"query-input":{"@type":"PropertyValueSpecification","valueRequired":true,"valueName":"search_term_string"}}],"inLanguage":"nl-NL"},{"@type":"Organization","@id":"https:\/\/delavidaenrosa.nl\/#organization","name":"DE LA VIDA EN ROSA","url":"https:\/\/delavidaenrosa.nl\/","logo":{"@type":"ImageObject","inLanguage":"nl-NL","@id":"https:\/\/delavidaenrosa.nl\/#\/schema\/logo\/image\/","url":"https:\/\/delavidaenrosa.nl\/wp-content\/uploads\/2023\/01\/Logo_Zwart-op-trans-2500x1250-1.png","contentUrl":"https:\/\/delavidaenrosa.nl\/wp-content\/uploads\/2023\/01\/Logo_Zwart-op-trans-2500x1250-1.png","width":2500,"height":1250,"caption":"DE LA VIDA EN ROSA"},"image":{"@id":"https:\/\/delavidaenrosa.nl\/#\/schema\/logo\/image\/"},"sameAs":["https:\/\/www.instagram.com\/delavidaenrosa\/"]}]}},"_links":{"self":[{"href":"https:\/\/delavidaenrosa.nl\/index.php?rest_route=\/wp\/v2\/pages\/20902","targetHints":{"allow":["GET"]}}],"collection":[{"href":"https:\/\/delavidaenrosa.nl\/index.php?rest_route=\/wp\/v2\/pages"}],"about":[{"href":"https:\/\/delavidaenrosa.nl\/index.php?rest_route=\/wp\/v2\/types\/page"}],"author":[{"embeddable":true,"href":"https:\/\/delavidaenrosa.nl\/index.php?rest_route=\/wp\/v2\/users\/3"}],"replies":[{"embeddable":true,"href":"https:\/\/delavidaenrosa.nl\/index.php?rest_route=%2Fwp%2Fv2%2Fcomments&post=20902"}],"version-history":[{"count":22,"href":"https:\/\/delavidaenrosa.nl\/index.php?rest_route=\/wp\/v2\/pages\/20902\/revisions"}],"predecessor-version":[{"id":22032,"href":"https:\/\/delavidaenrosa.nl\/index.php?rest_route=\/wp\/v2\/pages\/20902\/revisions\/22032"}],"wp:attachment":[{"href":"https:\/\/delavidaenrosa.nl\/index.php?rest_route=%2Fwp%2Fv2%2Fmedia&parent=20902"}],"curies":[{"name":"wp","href":"https:\/\/api.w.org\/{rel}","templated":true}]}}